{"id":156,"date":"2023-11-23T22:08:00","date_gmt":"2023-11-23T21:08:00","guid":{"rendered":"https:\/\/www.ski-klub-umag.hr\/?page_id=156"},"modified":"2023-11-23T22:11:38","modified_gmt":"2023-11-23T21:11:38","slug":"ucitelji","status":"publish","type":"page","link":"https:\/\/www.ski-klub-umag.hr\/?page_id=156","title":{"rendered":"U\u010ditelji"},"content":{"rendered":"\n<figure class=\"wp-block-table\"><table><tbody><tr><td><\/td><td><strong>Prezime i ime<\/strong><\/td><td><strong>mob.<\/strong><\/td><td><strong>E-MAIL<\/strong><\/td><\/tr><tr><td colspan=\"4\"><strong>DEMOSTRATORI<\/strong><\/td><\/tr><tr><td>1<\/td><td>Grgi\u0107 Dubravko<\/td><td>098 255 944<\/td><td><a href=\"https:\/\/web.archive.org\/web\/20180901114546\/mailto:dubravko.grgic1@pu.t-com.hr\">dubravko.grgic1@pu.t-com.hr<\/a><\/td><\/tr><tr><td>2<\/td><td>Celi\u0107 Sa\u0161a<\/td><td>091 274 3166<\/td><td><a href=\"https:\/\/web.archive.org\/web\/20180901114546\/mailto:sasa.celic@vip.hr\">sasacelic@me.com<\/a><\/td><\/tr><tr><td>3<\/td><td>Greblo Vedran<\/td><td>098 335 853<\/td><td><a href=\"https:\/\/web.archive.org\/web\/20180901114546\/mailto:vedrangreblo@yahoo.it\">vedrangreblo@yahoo.it<\/a><\/td><\/tr><tr><td colspan=\"4\"><strong>ISIA u\u010ditelji<\/strong><\/td><\/tr><tr><td>1<\/td><td>Birsa Robert<\/td><td>091 374 2830<\/td><td><a href=\"https:\/\/web.archive.org\/web\/20180901114546\/mailto:robertbirsa@gmail.com\">robertbirsa@gmail.com<\/a><\/td><\/tr><tr><td>2<\/td><td>Celi\u0107 David<\/td><td>098 366 914<\/td><td><a href=\"https:\/\/web.archive.org\/web\/20180901114546\/mailto:david.celic@inet.hr\">david.celic@inet.hr<\/a><\/td><\/tr><tr><td>3<\/td><td>Renko Silvan<\/td><td>098 368 816<\/td><td><a href=\"https:\/\/web.archive.org\/web\/20180901114546\/mailto:silvan.renko@gmail.com\">silvan.renko@gmail.com<\/a><\/td><\/tr><tr><td>4<\/td><td>\u0160iroka Marijan<\/td><td>098 335 394<\/td><td><a href=\"https:\/\/web.archive.org\/web\/20180901114546\/mailto:marijan.siroka@pu.t-com.hr\">marijan.siroka@pu.t-com.hr<\/a><\/td><\/tr><tr><td>5<\/td><td>Zori\u0107 Mladen<\/td><td>091 253 83 56<\/td><td><a href=\"https:\/\/web.archive.org\/web\/20180901114546\/mailto:mladen.zoric@pu.t-com.hr\">mladen.zoric@pu.t-com.hr<\/a><\/td><\/tr><tr><td>6<\/td><td>Greblo Alen<\/td><td>099 4220007<\/td><td><a href=\"https:\/\/web.archive.org\/web\/20180901114546\/mailto:alen.greblo@kompas-travel.com\">alengreblo@hotmail.com<\/a><\/td><\/tr><tr><td>7<\/td><td>Bevc Barbara<\/td><td>098 170 71 77<\/td><td><a href=\"https:\/\/web.archive.org\/web\/20180901114546\/mailto:b.barbara@inet.hr\">bevc.barbara@gmail.com<\/a><\/td><\/tr><tr><td>8<\/td><td>Koraca Sanjin<\/td><td>091 251 99 04<\/td><td><a href=\"https:\/\/web.archive.org\/web\/20180901114546\/mailto:sanjinko@gmail.com\">sanjin.koraca@gmail.com<\/a><\/td><\/tr><tr><td>9<\/td><td>Hubel Andrej<\/td><td>098 334 568<\/td><td><a href=\"https:\/\/web.archive.org\/web\/20180901114546\/mailto:touristra@inet.hr\">andrej@touristra.hr<\/a><\/td><\/tr><tr><td>10<\/td><td>\u0160o\u0161ter Manfred<\/td><td>098 254 358<\/td><td><a href=\"https:\/\/web.archive.org\/web\/20180901114546\/mailto:manfred.soster@pu.t-com.hr\">manfred.soster@pu.t-com.hr<\/a><\/td><\/tr><tr><td>11<\/td><td>Bo\u017ei\u0107 Bojan<\/td><td>091 102 00 03<\/td><td><a href=\"https:\/\/web.archive.org\/web\/20180901114546\/mailto:bojan.bozic@pu.t-com.hr\">bojan.bozic@pu.t-com.hr<\/a><\/td><\/tr><tr><td>12<\/td><td>Vori\u0107 Zoran<\/td><td>095 9047774<\/td><td><a href=\"https:\/\/web.archive.org\/web\/20180901114546\/mailto:zoran.voric@pu.t-com.hr\">zoran.voric@pu.t-com.hr<\/a><\/td><\/tr><tr><td>13<\/td><td>Bajoch Natalija<\/td><td>092 1070835<\/td><td><a href=\"https:\/\/web.archive.org\/web\/20180901114546\/mailto:natalija.baioch@gmail.com\">natalija.baioch@gmail.com<\/a><\/td><\/tr><tr><td>14<\/td><td>Luketi\u0107 Katja-Rijeka<\/td><td>098 19081161<\/td><td><a href=\"https:\/\/web.archive.org\/web\/20180901114546\/mailto:katja.kukec@ri.t-com.hr\">katja.kukec@ri.t-com.hr<\/a><\/td><\/tr><tr><td>15<\/td><td>Bla\u017eevi\u0107 Zvonko<\/td><td><\/td><td><a href=\"https:\/\/web.archive.org\/web\/20180901114546\/mailto:zmblaz@gmail.com\">zmblaz@gmail.com<\/a><\/td><\/tr><tr><td>16<\/td><td>Olga Visintin<\/td><td><\/td><td><\/td><\/tr><tr><td>17<\/td><td>Celi\u0107 Robi<\/td><td>091 201 73 09<\/td><td><a href=\"https:\/\/web.archive.org\/web\/20180901114546\/mailto:rcelic@vip.hr\">robicelic@gmail.co<\/a><a href=\"https:\/\/web.archive.org\/web\/20180901114546\/mailto:rcelic@vip.hr\">m<\/a><\/td><\/tr><tr><td>18<\/td><td>Renko Andrej, privremena lic<\/td><td>095 582 3276<\/td><td><a href=\"https:\/\/web.archive.org\/web\/20180901114546\/mailto:arenko90@gmail.com\">arenko90@gmail.com<\/a><\/td><\/tr><tr><td>19<\/td><td>U\u010dkar Miran, privremena lic.<\/td><td>098 217317<\/td><td><a href=\"https:\/\/web.archive.org\/web\/20180901114546\/mailto:mrn.uckar@gmail.com\">mrn.uckar@gmail.com<\/a><\/td><\/tr><tr><td colspan=\"4\"><strong>IVSI u\u010ditelji<\/strong><\/td><\/tr><tr><td>1<\/td><td>Simi\u0107 Stella<\/td><td>091 88 19944<\/td><td><a href=\"https:\/\/web.archive.org\/web\/20180901114546\/mailto:sanja.simic@pu.t-com.hr\">sanja.simic@pu.t-com.hr<\/a><\/td><\/tr><tr><td>2<\/td><td>Rupena Sa\u0161a<\/td><td>095 9048983<\/td><td><a href=\"https:\/\/web.archive.org\/web\/20180901114546\/mailto:sasarupena@gmail.com\">sasarupena@gmail.com<\/a><\/td><\/tr><tr><td>3<\/td><td>Brajkovi\u0107 Sara<\/td><td>099 674 9679<\/td><td><a href=\"https:\/\/web.archive.org\/web\/20180901114546\/mailto:sara.brajkovic8@gmail.com\">sara.brajkovic8@gmail.com<\/a><\/td><\/tr><tr><td colspan=\"4\"><strong>POMO\u0106NICI u\u010ditelja, klupska licenca<\/strong><\/td><\/tr><tr><td>1<\/td><td>Brajkovi\u0107 Danko<\/td><td>095 9117430<\/td><td><a href=\"https:\/\/web.archive.org\/web\/20180901114546\/mailto:danko60@gmail.com\">danko60@gmail.com<\/a><\/td><\/tr><tr><td>2<\/td><td>Renko, Ili\u0107 Sabina<\/td><td>098 9145411<\/td><td><a href=\"https:\/\/web.archive.org\/web\/20180901114546\/mailto:sabina.renko@laserline.hr\">sabina.renko@laserline.hr<\/a><\/td><\/tr><tr><td>3<\/td><td>Celi\u0107 Malu<\/td><td><\/td><td><\/td><\/tr><tr><td>4<\/td><td>Celi\u0107 Eni<\/td><td><\/td><td><\/td><\/tr><tr><td>5<\/td><td>Celi\u0107 Niko<\/td><td><\/td><td><\/td><\/tr><tr><td>6<\/td><td>Komleni\u0107 Dora<\/td><td><\/td><td><\/td><\/tr><tr><td>7<\/td><td>Grgi\u0107 Tea<\/td><td><\/td><td><\/td><\/tr><\/tbody><\/table><\/figure>\n","protected":false},"excerpt":{"rendered":"<p>Prezime i ime mob. E-MAIL DEMOSTRATORI 1 Grgi\u0107 Dubravko 098 255 944 dubravko.grgic1@pu.t-com.hr 2 Celi\u0107 Sa\u0161a 091 274 3166 sasacelic@me.com 3 Greblo Vedran 098 335 853 vedrangreblo@yahoo.it ISIA u\u010ditelji 1 Birsa Robert 091 374 2830 robertbirsa@gmail.com 2 Celi\u0107 David 098 &hellip; <a href=\"https:\/\/www.ski-klub-umag.hr\/?page_id=156\">pro\u010ditajte vi\u0161e<\/a><\/p>\n","protected":false},"author":1,"featured_media":0,"parent":0,"menu_order":0,"comment_status":"closed","ping_status":"closed","template":"page-fullwidth.php","meta":{"footnotes":""},"class_list":["post-156","page","type-page","status-publish","hentry"],"_links":{"self":[{"href":"https:\/\/www.ski-klub-umag.hr\/index.php?rest_route=\/wp\/v2\/pages\/156","targetHints":{"allow":["GET"]}}],"collection":[{"href":"https:\/\/www.ski-klub-umag.hr\/index.php?rest_route=\/wp\/v2\/pages"}],"about":[{"href":"https:\/\/www.ski-klub-umag.hr\/index.php?rest_route=\/wp\/v2\/types\/page"}],"author":[{"embeddable":true,"href":"https:\/\/www.ski-klub-umag.hr\/index.php?rest_route=\/wp\/v2\/users\/1"}],"replies":[{"embeddable":true,"href":"https:\/\/www.ski-klub-umag.hr\/index.php?rest_route=%2Fwp%2Fv2%2Fcomments&post=156"}],"version-history":[{"count":1,"href":"https:\/\/www.ski-klub-umag.hr\/index.php?rest_route=\/wp\/v2\/pages\/156\/revisions"}],"predecessor-version":[{"id":158,"href":"https:\/\/www.ski-klub-umag.hr\/index.php?rest_route=\/wp\/v2\/pages\/156\/revisions\/158"}],"wp:attachment":[{"href":"https:\/\/www.ski-klub-umag.hr\/index.php?rest_route=%2Fwp%2Fv2%2Fmedia&parent=156"}],"curies":[{"name":"wp","href":"https:\/\/api.w.org\/{rel}","templated":true}]}}