{"id":168,"date":"2023-11-23T22:30:42","date_gmt":"2023-11-23T21:30:42","guid":{"rendered":"https:\/\/www.ski-klub-umag.hr\/?page_id=168"},"modified":"2023-11-23T22:32:23","modified_gmt":"2023-11-23T21:32:23","slug":"pogodnosti","status":"publish","type":"page","link":"https:\/\/www.ski-klub-umag.hr\/?page_id=168","title":{"rendered":"Pogodnosti"},"content":{"rendered":"\n<h2 class=\"wp-block-heading\"><img loading=\"lazy\" decoding=\"async\" src=\"https:\/\/web.archive.org\/web\/20180901112455im_\/http:\/\/ski-klub-umag.hr\/wp-content\/uploads\/2016\/12\/crte_50x22.png\" width=\"50\" height=\"22\">Klupska godi\u0161nja \u010dlanarina<\/h2>\n\n\n\n<figure class=\"wp-block-table\"><table><tbody><tr><th>Odrasli<\/th><td>10,00 eur<\/td><\/tr><tr><th>Djeca<\/th><td>20,00 kn<\/td><\/tr><tr><th>Studenti<\/th><td>20,00 kn<\/td><\/tr><tr><th>Umirovljenici<\/th><td>20,00 kn<\/td><\/tr><tr><th>Nezaposleni<\/th><td>20,00 kn<\/td><\/tr><\/tbody><\/table><\/figure>\n\n\n\n<h2 class=\"wp-block-heading\"><img loading=\"lazy\" decoding=\"async\" src=\"https:\/\/web.archive.org\/web\/20180901112455im_\/http:\/\/ski-klub-umag.hr\/wp-content\/uploads\/2016\/12\/crte_50x22.png\" width=\"50\" height=\"22\">Podaci za uplatu<\/h2>\n\n\n\n<figure class=\"wp-block-table\"><table><tbody><tr><th>Skija\u0161ki klub Umag<\/th><\/tr><tr><td>Valica 36, 52470 Umag<\/td><\/tr><tr><td>Broj ra\u010duna (IBAN): HR3623800061140007148<\/td><\/tr><tr><th>Kontakt osoba:<\/th><\/tr><tr><td>Barbara Bevc (mob: +385 98 170 7177)<\/td><\/tr><\/tbody><\/table><\/figure>\n\n\n\n<h2 class=\"wp-block-heading\"><img loading=\"lazy\" decoding=\"async\" src=\"https:\/\/web.archive.org\/web\/20180901112455im_\/http:\/\/ski-klub-umag.hr\/wp-content\/uploads\/2016\/12\/crte_50x22.png\" width=\"50\" height=\"22\">Pogodnosti za \u010dlanove<\/h2>\n\n\n\n<ol class=\"wp-block-list\">\n<li>Savjete i informacije vezane za skijanje i program rada Ski kluba Umag,\u00a0 mo\u017eete dobiti kod svih u\u010ditelja skijanja iz Umaga <\/li>\n\n\n\n<li>Popusti pri kupovini karata za \u017eicu za &nbsp;Piancavallo, Ravasclletto i Tarvisio&nbsp; 30% (informacije kod Renka)<\/li>\n\n\n\n<li>Besplatno natjecanje i zakuska na tradicionalnom OP Umaga u Tarvisiu u velja\u010di<\/li>\n\n\n\n<li>Besplatno namje\u0161tanje vezova i procijena skija\u0161ke opreme, kod na\u0161ih u\u010ditelja<\/li>\n\n\n\n<li>Popust od 10% u:\n<ul class=\"wp-block-list\">\n<li><strong>Sport Shop Umag<\/strong>&nbsp;(U:S:POLO, LOTTO i CONTE OF FLORENCE)<\/li>\n\n\n\n<li><strong>Cvje\u0107arna Fleur de Iys<\/strong>,&nbsp;Buje (cvije\u0107e i vjen\u010danice)<\/li>\n<\/ul>\n<\/li>\n\n\n\n<li>Popust od 10% na sve usluge&nbsp; u ski servisima u Umagu<\/li>\n\n\n\n<li>Organizirani trenizi i odlazak na natjecanja. (vrijedi za natjecateljsku selekciju).<\/li>\n<\/ol>\n","protected":false},"excerpt":{"rendered":"<p>Klupska godi\u0161nja \u010dlanarina Odrasli 10,00 eur Djeca 20,00 kn Studenti 20,00 kn Umirovljenici 20,00 kn Nezaposleni 20,00 kn Podaci za uplatu Skija\u0161ki klub Umag Valica 36, 52470 Umag Broj ra\u010duna (IBAN): HR3623800061140007148 Kontakt osoba: Barbara Bevc (mob: +385 98 170 &hellip; <a href=\"https:\/\/www.ski-klub-umag.hr\/?page_id=168\">pro\u010ditajte vi\u0161e<\/a><\/p>\n","protected":false},"author":1,"featured_media":0,"parent":0,"menu_order":0,"comment_status":"closed","ping_status":"closed","template":"page-fullwidth.php","meta":{"footnotes":""},"class_list":["post-168","page","type-page","status-publish","hentry"],"_links":{"self":[{"href":"https:\/\/www.ski-klub-umag.hr\/index.php?rest_route=\/wp\/v2\/pages\/168","targetHints":{"allow":["GET"]}}],"collection":[{"href":"https:\/\/www.ski-klub-umag.hr\/index.php?rest_route=\/wp\/v2\/pages"}],"about":[{"href":"https:\/\/www.ski-klub-umag.hr\/index.php?rest_route=\/wp\/v2\/types\/page"}],"author":[{"embeddable":true,"href":"https:\/\/www.ski-klub-umag.hr\/index.php?rest_route=\/wp\/v2\/users\/1"}],"replies":[{"embeddable":true,"href":"https:\/\/www.ski-klub-umag.hr\/index.php?rest_route=%2Fwp%2Fv2%2Fcomments&post=168"}],"version-history":[{"count":1,"href":"https:\/\/www.ski-klub-umag.hr\/index.php?rest_route=\/wp\/v2\/pages\/168\/revisions"}],"predecessor-version":[{"id":170,"href":"https:\/\/www.ski-klub-umag.hr\/index.php?rest_route=\/wp\/v2\/pages\/168\/revisions\/170"}],"wp:attachment":[{"href":"https:\/\/www.ski-klub-umag.hr\/index.php?rest_route=%2Fwp%2Fv2%2Fmedia&parent=168"}],"curies":[{"name":"wp","href":"https:\/\/api.w.org\/{rel}","templated":true}]}}