{"id":23,"date":"2023-11-15T21:25:49","date_gmt":"2023-11-15T21:25:49","guid":{"rendered":"https:\/\/www.ski-klub-umag.hr\/contact\/"},"modified":"2023-11-16T21:28:46","modified_gmt":"2023-11-16T20:28:46","slug":"contact","status":"publish","type":"page","link":"https:\/\/www.ski-klub-umag.hr\/?page_id=23","title":{"rendered":"Kontakt"},"content":{"rendered":"\n<div class=\"wp-block-columns is-layout-flex wp-container-core-columns-is-layout-9d6595d7 wp-block-columns-is-layout-flex\">\n<div class=\"wp-block-column is-layout-flow wp-block-column-is-layout-flow\" style=\"flex-basis:100%\">\n<h4>Kontaktirajte nas<\/h4>\n<h2>Tu smo za vas<\/h2>\n<p>Rado \u0107emo Vam dati stru\u010dni savjet u vezi skijanja i skija\u0161ke opreme <\/p>\n<\/div>\n<\/div>\n\n\n\nUmag\n","protected":false},"excerpt":{"rendered":"<p>Kontaktirajte nas Tu smo za vas Rado \u0107emo Vam dati stru\u010dni savjet u vezi skijanja i skija\u0161ke opreme Umag<\/p>\n","protected":false},"author":1,"featured_media":0,"parent":0,"menu_order":0,"comment_status":"closed","ping_status":"closed","template":"","meta":{"footnotes":""},"class_list":["post-23","page","type-page","status-publish","hentry"],"_links":{"self":[{"href":"https:\/\/www.ski-klub-umag.hr\/index.php?rest_route=\/wp\/v2\/pages\/23","targetHints":{"allow":["GET"]}}],"collection":[{"href":"https:\/\/www.ski-klub-umag.hr\/index.php?rest_route=\/wp\/v2\/pages"}],"about":[{"href":"https:\/\/www.ski-klub-umag.hr\/index.php?rest_route=\/wp\/v2\/types\/page"}],"author":[{"embeddable":true,"href":"https:\/\/www.ski-klub-umag.hr\/index.php?rest_route=\/wp\/v2\/users\/1"}],"replies":[{"embeddable":true,"href":"https:\/\/www.ski-klub-umag.hr\/index.php?rest_route=%2Fwp%2Fv2%2Fcomments&post=23"}],"version-history":[{"count":1,"href":"https:\/\/www.ski-klub-umag.hr\/index.php?rest_route=\/wp\/v2\/pages\/23\/revisions"}],"predecessor-version":[{"id":58,"href":"https:\/\/www.ski-klub-umag.hr\/index.php?rest_route=\/wp\/v2\/pages\/23\/revisions\/58"}],"wp:attachment":[{"href":"https:\/\/www.ski-klub-umag.hr\/index.php?rest_route=%2Fwp%2Fv2%2Fmedia&parent=23"}],"curies":[{"name":"wp","href":"https:\/\/api.w.org\/{rel}","templated":true}]}}